{"id":382,"date":"2014-07-26T05:47:40","date_gmt":"2014-07-26T02:47:40","guid":{"rendered":"http:\/\/apicona-data.thememount.com\/?page_id=382"},"modified":"2019-09-30T10:34:18","modified_gmt":"2019-09-30T07:34:18","slug":"iletisim","status":"publish","type":"page","link":"https:\/\/nadiraluminyum.com\/en\/iletisim\/","title":{"rendered":"CONTACT"},"content":{"rendered":"<p>[vc_row][vc_column width=&#8221;1\/2&#8243;][vc_text_separator title=&#8221;\u0410\u0434\u0440\u0435\u0441 \u0438\u043d\u0444\u043e\u0440\u043c\u0430\u0446\u0438\u044f&#8221; i_icon_fontawesome=&#8221;fa fa-map-signs&#8221; i_color=&#8221;juicy_pink&#8221; i_background_style=&#8221;rounded&#8221; i_size=&#8221;sm&#8221; title_align=&#8221;separator_align_left&#8221; align=&#8221;align_left&#8221; color=&#8221;juicy_pink&#8221; add_icon=&#8221;true&#8221; el_class=&#8221;h4&#8243;][vc_column_text]<\/p>\n<ul class=\"thememount_vc_contact_wrapper\">\n<li class=\"thememount-contact-address fa fa-map-marker\">Karl\u0131da\u011f Cad. Anadolu Mah. Akin Sk. No: 13 Y\u0131ld\u0131r\u0131m \/ Bursa \/ TURKEY<\/li>\n<li class=\"thememount-contact-phonenumber fa fa-phone\">0224 362 61 53 &#038; 0224 362 66 53<\/li>\n<li class=\"thememount-contact-phonenumber fa fa-fax\">0224 362 61 13<\/li>\n<li class=\"thememount-contact-fax fa fa-envelope-o\"><a href=\"mailto:info@nadiraluminyum.com\">info@nadiraluminyum.com<\/a><\/li>\n<li class=\"thememount-contact-fax fa fa-envelope-o\">nadiraluminyum@gmail.com<\/li>\n<li class=\"thememount-contact-website fa fa-globe\"><a href=\"http:\/\/www.nadiraluminyum.com\">www.nadiraluminyum.com<\/a><\/li>\n<\/ul>\n<p>[\/vc_column_text][\/vc_column][vc_column width=&#8221;1\/2&#8243;][vc_text_separator title=&#8221;\u041a\u043e\u043d\u0442\u0430\u043a\u0442\u043d\u044b\u0439 \u0444\u043e\u0440\u043c\u0443\u043b\u044f\u0440&#8221; i_icon_fontawesome=&#8221;fa fa-wpforms&#8221; i_color=&#8221;juicy_pink&#8221; i_background_style=&#8221;rounded&#8221; i_size=&#8221;sm&#8221; title_align=&#8221;separator_align_left&#8221; align=&#8221;align_left&#8221; color=&#8221;juicy_pink&#8221; add_icon=&#8221;true&#8221; el_class=&#8221;h4&#8243;]<div role=\"form\" class=\"wpcf7\" id=\"wpcf7-f6356-o1\" lang=\"tr-TR\" dir=\"ltr\">\n<div class=\"screen-reader-response\"><\/div>\n<form action=\"\/en\/wp-json\/wp\/v2\/pages\/382#wpcf7-f6356-o1\" method=\"post\" class=\"wpcf7-form\" novalidate=\"novalidate\">\n<div style=\"display: none;\">\n<input type=\"hidden\" name=\"_wpcf7\" value=\"6356\" \/>\n<input type=\"hidden\" name=\"_wpcf7_version\" value=\"4.7\" \/>\n<input type=\"hidden\" name=\"_wpcf7_locale\" value=\"tr_TR\" \/>\n<input type=\"hidden\" name=\"_wpcf7_unit_tag\" value=\"wpcf7-f6356-o1\" \/>\n<input type=\"hidden\" name=\"_wpnonce\" value=\"9a00ac7942\" \/>\n<\/div>\n<div class=\"contact_form\">\n<div class=\"row\">\n<div class=\"col-lg-6 col-md-6 col-sm-12 col-xs-12\">\n<div class=\"input-group\">\n<span class=\"wpcf7-form-control-wrap your-name\"><input type=\"text\" name=\"your-name\" value=\"\" size=\"40\" class=\"wpcf7-form-control wpcf7-text wpcf7-validates-as-required\" aria-required=\"true\" aria-invalid=\"false\" placeholder=\"\u0418\u043c\u044f \u0424\u0430\u043c\u0438\u043b\u0438\u044f*\" \/><\/span>\n<\/div>\n<div class=\"input-group\">\n<span class=\"wpcf7-form-control-wrap email\"><input type=\"email\" name=\"email\" value=\"\" size=\"40\" class=\"wpcf7-form-control wpcf7-text wpcf7-email wpcf7-validates-as-required wpcf7-validates-as-email\" aria-required=\"true\" aria-invalid=\"false\" placeholder=\"E-mail *\" \/><\/span>\n<\/div>\n<div class=\"input-group\">\n<span class=\"wpcf7-form-control-wrap phone\"><input type=\"text\" name=\"phone\" value=\"\" size=\"40\" class=\"wpcf7-form-control wpcf7-text\" aria-invalid=\"false\" placeholder=\"\u0422\u0435\u043b\u0435\u0444\u043e\u043d\" \/><\/span>\n<\/div>\n<\/div>\n<div class=\"col-lg-6 col-md-6 col-sm-12 col-xs-12\">\n<span class=\"wpcf7-form-control-wrap x1\"><textarea name=\"x1\" cols=\"40\" rows=\"10\" class=\"wpcf7-form-control wpcf7-textarea wpcf7-validates-as-required\" aria-required=\"true\" aria-invalid=\"false\" placeholder=\"\u0422\u0435\u043c\u0430 *\"><\/textarea><\/span>\n<\/div>\n<\/div>\n<div class=\"row\">\n<div class=\"col-lg-12 col-md-12 col-sm-12 col-xs-12 text-center\">\n<div class=\"input-group\">\n<button class=\"button icon_right size-sm theme-wpcf7-submit\">\u041e\u0442\u043f\u0440\u0430\u0432\u0438\u0442\u044c <i class=\"stm-arrow-next\"><\/i><\/button>\n<\/div>\n<\/div>\n<\/div>\n<\/div>\n<div class=\"wpcf7-response-output wpcf7-display-none\"><\/div><\/form><\/div>[\/vc_column][\/vc_row][vc_row][vc_column][vc_text_separator title=&#8221;\u0418\u043d\u0444\u043e\u0440\u043c\u0430\u0446\u0438\u044f \u043e kroki&#8221; i_icon_fontawesome=&#8221;fa fa-map&#8221; i_color=&#8221;juicy_pink&#8221; i_background_style=&#8221;rounded&#8221; i_size=&#8221;sm&#8221; title_align=&#8221;separator_align_left&#8221; align=&#8221;align_left&#8221; color=&#8221;juicy_pink&#8221; add_icon=&#8221;true&#8221; el_class=&#8221;h4&#8243;][vc_gmaps link=&#8221;#E-8_JTNDaWZyYW1lJTIwc3JjJTNEJTIyaHR0cHMlM0ElMkYlMkZ3d3cuZ29vZ2xlLmNvbSUyRm1hcHMlMkZkJTJGZW1iZWQlM0ZtaWQlM0QxUEx0NFZzYnNlanN1bzd2dE9sVzV3eUZtb2c0JTIyJTIwd2lkdGglM0QlMjI2NDAlMjIlMjBoZWlnaHQlM0QlMjI0MDAlMjIlM0UlM0MlMkZpZnJhbWUlM0U=&#8221; size=&#8221;400&#8243; css_animation=&#8221;fadeInDown&#8221;][\/vc_column][\/vc_row]<\/p>\n","protected":false},"excerpt":{"rendered":"<p>[vc_row][vc_column width=&#8221;1\/2&#8243;][vc_text_separator title=&#8221;\u0410\u0434\u0440\u0435\u0441 \u0438\u043d\u0444\u043e\u0440\u043c\u0430\u0446\u0438\u044f&#8221; i_icon_fontawesome=&#8221;fa fa-map-signs&#8221; i_color=&#8221;juicy_pink&#8221; i_background_style=&#8221;rounded&#8221; i_size=&#8221;sm&#8221; title_align=&#8221;separator_align_left&#8221; align=&#8221;align_left&#8221; color=&#8221;juicy_pink&#8221; add_icon=&#8221;true&#8221; el_class=&#8221;h4&#8243;][vc_column_text] Karl\u0131da\u011f Cad. Anadolu Mah. Akin Sk. No: 13 Y\u0131ld\u0131r\u0131m \/ Bursa \/ TURKEY 0224 362 61 53 &#038; 0224 362 66 53 0224 362 61 13 info@nadiraluminyum.com nadiraluminyum@gmail.com www.nadiraluminyum.com [\/vc_column_text][\/vc_column][vc_column width=&#8221;1\/2&#8243;][vc_text_separator title=&#8221;\u041a\u043e\u043d\u0442\u0430\u043a\u0442\u043d\u044b\u0439 \u0444\u043e\u0440\u043c\u0443\u043b\u044f\u0440&#8221; i_icon_fontawesome=&#8221;fa fa-wpforms&#8221; i_color=&#8221;juicy_pink&#8221; i_background_style=&#8221;rounded&#8221; i_size=&#8221;sm&#8221; title_align=&#8221;separator_align_left&#8221; align=&#8221;align_left&#8221; color=&#8221;juicy_pink&#8221; [&hellip;]<\/p>\n","protected":false},"author":1,"featured_media":0,"parent":0,"menu_order":19,"comment_status":"closed","ping_status":"closed","template":"","meta":[],"_links":{"self":[{"href":"https:\/\/nadiraluminyum.com\/en\/wp-json\/wp\/v2\/pages\/382"}],"collection":[{"href":"https:\/\/nadiraluminyum.com\/en\/wp-json\/wp\/v2\/pages"}],"about":[{"href":"https:\/\/nadiraluminyum.com\/en\/wp-json\/wp\/v2\/types\/page"}],"author":[{"embeddable":true,"href":"https:\/\/nadiraluminyum.com\/en\/wp-json\/wp\/v2\/users\/1"}],"replies":[{"embeddable":true,"href":"https:\/\/nadiraluminyum.com\/en\/wp-json\/wp\/v2\/comments?post=382"}],"version-history":[{"count":27,"href":"https:\/\/nadiraluminyum.com\/en\/wp-json\/wp\/v2\/pages\/382\/revisions"}],"predecessor-version":[{"id":6691,"href":"https:\/\/nadiraluminyum.com\/en\/wp-json\/wp\/v2\/pages\/382\/revisions\/6691"}],"wp:attachment":[{"href":"https:\/\/nadiraluminyum.com\/en\/wp-json\/wp\/v2\/media?parent=382"}],"curies":[{"name":"wp","href":"https:\/\/api.w.org\/{rel}","templated":true}]}}