{"id":5835,"date":"2017-04-05T11:41:02","date_gmt":"2017-04-05T08:41:02","guid":{"rendered":"http:\/\/nadiraluminyum.com\/?page_id=5835"},"modified":"2017-04-25T19:58:34","modified_gmt":"2017-04-25T16:58:34","slug":"hizmet-alanlari","status":"publish","type":"page","link":"https:\/\/nadiraluminyum.com\/en\/hizmet-alanlari\/","title":{"rendered":"OUR SERVICES"},"content":{"rendered":"<p>[vc_row][vc_column][vc_text_separator title=&#8221;Our Services&#8221; i_icon_fontawesome=&#8221;fa fa-question-circle-o&#8221; i_color=&#8221;sky&#8221; i_background_style=&#8221;rounded-less-outline&#8221; i_background_color=&#8221;white&#8221; i_size=&#8221;xs&#8221; title_align=&#8221;separator_align_left&#8221; align=&#8221;align_left&#8221; color=&#8221;sky&#8221; css_animation=&#8221;fadeInRight&#8221; add_icon=&#8221;true&#8221; el_class=&#8221;h3&#8243;][vc_tta_accordion spacing=&#8221;5&#8243; gap=&#8221;5&#8243; active_section=&#8221;1&#8243; css_animation=&#8221;fadeInLeft&#8221;][vc_tta_section title=&#8221;WALL COVERINGS&#8221; tab_id=&#8221;1491553089950-04121f9a-4c7d&#8221;][vc_row_inner][vc_column_inner width=&#8221;1\/2&#8243; css=&#8221;.vc_custom_1491552888098{margin-top: 0px !important;border-top-width: 0px !important;padding-top: 0px !important;}&#8221;][vc_column_text css_animation=&#8221;fadeIn&#8221;]<\/p>\n<ul class=\"tm-list tm-list-style-icon\">\n<li><i class=\"tm-skincolor fa fa-check-square\"><\/i>Structural Silicone Facade<\/li>\n<li><i class=\"tm-skincolor fa fa-check-square\"><\/i>Aluminum Curtain Wall<\/li>\n<li><i class=\"tm-skincolor fa fa-check-square\"><\/i>Transparent Facade<\/li>\n<li><i class=\"tm-skincolor fa fa-check-square\"><\/i>Al\u00fcminyum Kompozit Panel Kapl\u0131 Cepheler<\/li>\n<li><i class=\"tm-skincolor fa fa-check-square\"><\/i>Coated Front and Solar Breakers Clinker Bricks<\/li>\n<\/ul>\n<p>[\/vc_column_text][\/vc_column_inner][vc_column_inner width=&#8221;1\/2&#8243;][vc_media_grid element_width=&#8221;3&#8243; gap=&#8221;3&#8243; grid_id=&#8221;vc_gid:1492506285503-412ba045-3f2a-5&#8243; include=&#8221;6022,6023,6024,6025&#8243; css=&#8221;.vc_custom_1491472378948{padding: 5px !important;border: 2px solid #d1d1d1 !important;}&#8221;][\/vc_column_inner][\/vc_row_inner][vc_text_separator title=&#8221;Reference Works&#8221;][vc_media_grid element_width=&#8221;2&#8243; item=&#8221;6019&#8243; grid_id=&#8221;vc_gid:1492506285504-8775bcdc-6773-5&#8243; include=&#8221;6156,6155,6154,6153,6152,6151&#8243;][\/vc_tta_section][vc_tta_section title=&#8221;ALUMINUM JOINERIES&#8221; tab_id=&#8221;1491553089951-83ce61e7-43fa&#8221;][vc_row_inner][vc_column_inner width=&#8221;1\/2&#8243; css=&#8221;.vc_custom_1491552888098{margin-top: 0px !important;border-top-width: 0px !important;padding-top: 0px !important;}&#8221;][vc_column_text css_animation=&#8221;fadeIn&#8221;]<\/p>\n<ul class=\"tm-list tm-list-style-icon\">\n<li><i class=\"tm-skincolor fa fa-check-square\"><\/i>Isolation Aluminum Window and Door Systems Heat insulation<\/li>\n<li><i class=\"tm-skincolor fa fa-check-square\"><\/i>Aluminum Revolving Doors<\/li>\n<li><i class=\"tm-skincolor fa fa-check-square\"><\/i>Aluminum Sliding Joineries<\/li>\n<li><i class=\"tm-skincolor fa fa-check-square\"><\/i>Multiplication Aluminum Doors<\/li>\n<li><i class=\"tm-skincolor fa fa-check-square\"><\/i>Aluminum Window Systems<\/li>\n<li><i class=\"tm-skincolor fa fa-check-square\"><\/i>Aluminum Ventilation Grilles<\/li>\n<li><i class=\"tm-skincolor fa fa-check-square\"><\/i>Aluminum Solar Crushers<\/li>\n<li><i class=\"tm-skincolor fa fa-check-square\"><\/i>Al\u00fcminyum G\u00fcne\u015f K\u0131r\u0131c\u0131lar<\/li>\n<li><i class=\"tm-skincolor fa fa-check-square\"><\/i>Double Extension Joinery Systemsr<\/li>\n<\/ul>\n<p>[\/vc_column_text][\/vc_column_inner][vc_column_inner width=&#8221;1\/2&#8243;][vc_media_grid element_width=&#8221;3&#8243; gap=&#8221;3&#8243; grid_id=&#8221;vc_gid:1492506285505-417cdcec-9804-8&#8243; include=&#8221;6022,6023,6024,6025&#8243; css=&#8221;.vc_custom_1491472378948{padding: 5px !important;border: 2px solid #d1d1d1 !important;}&#8221;][\/vc_column_inner][\/vc_row_inner][vc_text_separator title=&#8221;Reference Works&#8221;][vc_media_grid element_width=&#8221;2&#8243; item=&#8221;6019&#8243; grid_id=&#8221;vc_gid:1492506285506-852d5cbd-c8e8-3&#8243; include=&#8221;6163,6162,6161,6160,6159,6158&#8243;][\/vc_tta_section][vc_tta_section title=&#8221;BUILDING AUTOMATION&#8221; tab_id=&#8221;1491553818508-c0834c1a-c530&#8243;][vc_row_inner][vc_column_inner width=&#8221;1\/2&#8243; css=&#8221;.vc_custom_1491552888098{margin-top: 0px !important;border-top-width: 0px !important;padding-top: 0px !important;}&#8221;][vc_column_text]<\/p>\n<ul class=\"tm-list tm-list-style-icon\">\n<li><i class=\"tm-skincolor fa fa-check-square\"><\/i>Photocell censored Sliding Automatic Doors<\/li>\n<li><i class=\"tm-skincolor fa fa-check-square\"><\/i>Photocell censored 90 \u00b0 open Automatic Door<\/li>\n<li><i class=\"tm-skincolor fa fa-check-square\"><\/i>Revolving Doors<\/li>\n<li><i class=\"tm-skincolor fa fa-check-square\"><\/i>90 \u00b0 open Garden Doors<\/li>\n<li><i class=\"tm-skincolor fa fa-check-square\"><\/i>Drop ceiling, Crawler (sectional) Industrial Doors<\/li>\n<li><i class=\"tm-skincolor fa fa-check-square\"><\/i>Remote Control Garage Door<\/li>\n<li><i class=\"tm-skincolor fa fa-check-square\"><\/i>Panic Doors<\/li>\n<li><i class=\"tm-skincolor fa fa-check-square\"><\/i>Remote Controlled Roof windows and keys Systems<\/li>\n<li><i class=\"tm-skincolor fa fa-check-square\"><\/i>Automatic and Security Barriers<\/li>\n<li><i class=\"tm-skincolor fa fa-check-square\"><\/i>Coated Aluminum Composite Panel Fronts<\/li>\n<\/ul>\n<p>[\/vc_column_text][\/vc_column_inner][vc_column_inner width=&#8221;1\/2&#8243;][vc_media_grid element_width=&#8221;3&#8243; gap=&#8221;3&#8243; grid_id=&#8221;vc_gid:1492506285507-5bfc913a-0767-2&#8243; include=&#8221;6022,6023,6024,6025&#8243; css=&#8221;.vc_custom_1491472378948{padding: 5px !important;border: 2px solid #d1d1d1 !important;}&#8221;][\/vc_column_inner][\/vc_row_inner][vc_text_separator title=&#8221;Reference Works&#8221;][vc_media_grid element_width=&#8221;2&#8243; item=&#8221;6019&#8243; grid_id=&#8221;vc_gid:1492506285508-6cb2a047-b74c-10&#8243; include=&#8221;6173,6174,6175,6176,6177,6178&#8243;][\/vc_tta_section][vc_tta_section title=&#8221;CEILING LIGHTS&#8221; tab_id=&#8221;1491553878943-6490fa5b-da66&#8243;][vc_row_inner][vc_column_inner width=&#8221;1\/2&#8243; css=&#8221;.vc_custom_1491552888098{margin-top: 0px !important;border-top-width: 0px !important;padding-top: 0px !important;}&#8221;][vc_column_text css_animation=&#8221;fadeIn&#8221;]<\/p>\n<ul class=\"tm-list tm-list-style-icon\">\n<li><i class=\"tm-skincolor fa fa-check-square\"><\/i>Polycarbonate Material Systems and Skylights<\/li>\n<li><i class=\"tm-skincolor fa fa-check-square\"><\/i>Skylights and Roof Systems Glass Materials<\/li>\n<li><i class=\"tm-skincolor fa fa-check-square\"><\/i>Winter Garden Applications<\/li>\n<\/ul>\n<p>[\/vc_column_text][\/vc_column_inner][vc_column_inner width=&#8221;1\/2&#8243;][vc_media_grid element_width=&#8221;3&#8243; gap=&#8221;3&#8243; grid_id=&#8221;vc_gid:1492506285509-1c0b58f6-f281-2&#8243; include=&#8221;6022,6023,6024,6025&#8243; css=&#8221;.vc_custom_1491472378948{padding: 5px !important;border: 2px solid #d1d1d1 !important;}&#8221;][\/vc_column_inner][\/vc_row_inner][vc_text_separator title=&#8221;Reference Works&#8221;][vc_media_grid element_width=&#8221;2&#8243; item=&#8221;6019&#8243; grid_id=&#8221;vc_gid:1492506285510-286017a1-971e-2&#8243; include=&#8221;6182,6181&#8243;][\/vc_tta_section][vc_tta_section title=&#8221;DECORATIVE WORKS&#8221; tab_id=&#8221;1491553914192-668d0b80-3725&#8243;][vc_row_inner][vc_column_inner width=&#8221;1\/2&#8243; css=&#8221;.vc_custom_1491552888098{margin-top: 0px !important;border-top-width: 0px !important;padding-top: 0px !important;}&#8221;][vc_column_text css_animation=&#8221;fadeIn&#8221;]<\/p>\n<ul class=\"tm-list tm-list-style-icon\">\n<li><i class=\"tm-skincolor fa fa-check-square\"><\/i>Aluminum Railing and Barriers<\/li>\n<li><i class=\"tm-skincolor fa fa-check-square\"><\/i>Modular Systems &#8211; Separators<\/li>\n<li><i class=\"tm-skincolor fa fa-check-square\"><\/i>Fly screens<\/li>\n<li><i class=\"tm-skincolor fa fa-check-square\"><\/i>Folding Sliding Glass Doors and Windows<\/li>\n<li><i class=\"tm-skincolor fa fa-check-square\"><\/i>Aluminum Suspended Ceiling Systems<\/li>\n<li><i class=\"tm-skincolor fa fa-check-square\"><\/i>Plastic Garden Fence and Wall later, Door Systems<\/li>\n<\/ul>\n<p>[\/vc_column_text][\/vc_column_inner][vc_column_inner width=&#8221;1\/2&#8243;][vc_media_grid element_width=&#8221;3&#8243; gap=&#8221;3&#8243; grid_id=&#8221;vc_gid:1492506285524-2e797e49-a061-2&#8243; include=&#8221;6022,6023,6024,6025&#8243; css=&#8221;.vc_custom_1491472378948{padding: 5px !important;border: 2px solid #d1d1d1 !important;}&#8221;][\/vc_column_inner][\/vc_row_inner][vc_text_separator title=&#8221;Reference Works&#8221;][vc_media_grid element_width=&#8221;2&#8243; item=&#8221;6019&#8243; grid_id=&#8221;vc_gid:1492506285525-731fb0f2-6437-5&#8243; include=&#8221;6190,6189,6188,6187,6186,6185&#8243;][\/vc_tta_section][\/vc_tta_accordion][\/vc_column][\/vc_row][vc_row full_width=&#8221;stretch_row&#8221; bgtype=&#8221;grey&#8221;][vc_column]\n\t<div class=\"thememount-client-wrapper thememount-client-view-carousel thememount-client-column-five thememount-effect-carousel thememount-carousel-col-five thememount-with-pagination \"   data-autoplay=\"1\"  data-autoplayspeed=\"800\"  data-autoplaytimeout=\"4500\"  data-loop=\"1\"  data-animatein=\"\"  data-animateout=\"\"  data-dots=\"true\"  data-nav=\"false\"  data-autoplayHoverPause=\"true\" ><div class=\"tm-element-heading-wrapper tm-heading-inner tm-element-align-center \">[vc_cta h2=\"Our References\" h2_link=\"\" h2_use_theme_fonts=\"yes\" use_custom_fonts_h2=\"\" h2_font_container=\"\" h2_google_fonts=\"font_family:Arimo%3Aregular%2Citalic%2C700%2C700italic|font_style:700%20bold%20regular%3A700%3Anormal\" h4=\"\" h4_link=\"\" h4_use_theme_fonts=\"yes\" use_custom_fonts_h4=\"\" h4_font_container=\"\" h4_google_fonts=\"font_family:Lato%3A100%2C100italic%2C300%2C300italic%2Cregular%2Citalic%2C700%2C700italic%2C900%2C900italic|font_style:300%20light%20regular%3A300%3Anormal\" txt_align=\"center\" style=\"transparent\" el_width=\"100%\" css_animation=\"\"][\/vc_cta]<\/div> <!-- .tm-element-heading-wrapper container --> <div class=\" thememount-clients thememount-carousel-items-wrapper owl-carousel owl-theme\"><div class=\"col-lg-20percent col-sm-4 col-md-4 col-xs-12 tm-box\"><a href=\"\/referanslar\/\" target=\"_blank\" class=\"hint--top\" data-hint=\"\u00c7akarlar Tekstil\" ><img width=\"274\" height=\"52\" src=\"https:\/\/nadiraluminyum.com\/wp-content\/uploads\/2017\/04\/cakartekstil.png\" class=\"attachment-full size-full wp-post-image\" alt=\"\" loading=\"lazy\" data-id=\"5957\" \/><\/a><\/div><!-- No Featured Image For this Client --><div class=\"col-lg-20percent col-sm-4 col-md-4 col-xs-12 tm-box\"><a href=\"\/referanslar\/\" target=\"_blank\" class=\"hint--top\" data-hint=\"Kuzim Bebe\" ><img width=\"303\" height=\"77\" src=\"https:\/\/nadiraluminyum.com\/wp-content\/uploads\/2017\/04\/KuzimBebe.png\" class=\"attachment-full size-full wp-post-image\" alt=\"\" loading=\"lazy\" srcset=\"https:\/\/nadiraluminyum.com\/wp-content\/uploads\/2017\/04\/KuzimBebe.png 303w, https:\/\/nadiraluminyum.com\/wp-content\/uploads\/2017\/04\/KuzimBebe-300x76.png 300w\" sizes=\"(max-width: 303px) 100vw, 303px\" data-id=\"5949\" \/><\/a><\/div><div class=\"col-lg-20percent col-sm-4 col-md-4 col-xs-12 tm-box\"><a href=\"\/referanslar\/\" target=\"_blank\" class=\"hint--top\" data-hint=\"Esba Tekstil\" ><img width=\"365\" height=\"95\" src=\"https:\/\/nadiraluminyum.com\/wp-content\/uploads\/2017\/04\/esbatekstil.png\" class=\"attachment-full size-full wp-post-image\" alt=\"\" loading=\"lazy\" srcset=\"https:\/\/nadiraluminyum.com\/wp-content\/uploads\/2017\/04\/esbatekstil.png 365w, https:\/\/nadiraluminyum.com\/wp-content\/uploads\/2017\/04\/esbatekstil-300x78.png 300w\" sizes=\"(max-width: 365px) 100vw, 365px\" data-id=\"5946\" \/><\/a><\/div><!-- No Featured Image For this Client --><div class=\"col-lg-20percent col-sm-4 col-md-4 col-xs-12 tm-box\"><a href=\"\/referanslar\/\" target=\"_blank\" class=\"hint--top\" data-hint=\"Balg\u00fcne\u015f Babexi\" ><img width=\"215\" height=\"51\" src=\"https:\/\/nadiraluminyum.com\/wp-content\/uploads\/2017\/04\/babexi.png\" class=\"attachment-full size-full wp-post-image\" alt=\"\" loading=\"lazy\" data-id=\"5940\" \/><\/a><\/div><!-- No Featured Image For this Client --><div class=\"col-lg-20percent col-sm-4 col-md-4 col-xs-12 tm-box\"><a href=\"\/referanslar\/\" target=\"_blank\" class=\"hint--top\" data-hint=\"Akdem Tekstil\" ><img width=\"243\" height=\"40\" src=\"https:\/\/nadiraluminyum.com\/wp-content\/uploads\/2017\/04\/akdemtekstil.png\" class=\"attachment-full size-full wp-post-image\" alt=\"\" loading=\"lazy\" data-id=\"5931\" \/><\/a><\/div><div class=\"col-lg-20percent col-sm-4 col-md-4 col-xs-12 tm-box\"><a href=\"\/referanslar\/\" target=\"_blank\" class=\"hint--top\" data-hint=\"K. Y\u0131ld\u0131z Tekstil\" ><img width=\"261\" height=\"58\" src=\"https:\/\/nadiraluminyum.com\/wp-content\/uploads\/2017\/04\/divonettelogo.png\" class=\"attachment-full size-full wp-post-image\" alt=\"\" loading=\"lazy\" data-id=\"5928\" \/><\/a><\/div><div class=\"col-lg-20percent col-sm-4 col-md-4 col-xs-12 tm-box\"><a href=\"\/referanslar\/\" target=\"_blank\" class=\"hint--top\" data-hint=\"Sevil Toptan Giyim\" ><img width=\"300\" height=\"96\" src=\"https:\/\/nadiraluminyum.com\/wp-content\/uploads\/2017\/04\/sevilgiyim.png\" class=\"attachment-full size-full wp-post-image\" alt=\"\" loading=\"lazy\" data-id=\"5925\" \/><\/a><\/div><div class=\"col-lg-20percent col-sm-4 col-md-4 col-xs-12 tm-box\"><a href=\"\/referanslar\/\" target=\"_blank\" class=\"hint--top\" data-hint=\"Akcan Yap\u0131 \u0130n\u015faat\" ><img width=\"68\" height=\"92\" src=\"https:\/\/nadiraluminyum.com\/wp-content\/uploads\/2017\/04\/akcan_logo.png\" class=\"attachment-full size-full wp-post-image\" alt=\"\" loading=\"lazy\" data-id=\"5922\" \/><\/a><\/div><div class=\"col-lg-20percent col-sm-4 col-md-4 col-xs-12 tm-box\"><a href=\"\/referanslar\/\" target=\"_blank\" class=\"hint--top\" data-hint=\"Orsez Yang\u0131n G\u00fcvenlik\" ><img width=\"424\" height=\"62\" src=\"https:\/\/nadiraluminyum.com\/wp-content\/uploads\/2017\/04\/orsez.png\" class=\"attachment-full size-full wp-post-image\" alt=\"\" loading=\"lazy\" srcset=\"https:\/\/nadiraluminyum.com\/wp-content\/uploads\/2017\/04\/orsez.png 424w, https:\/\/nadiraluminyum.com\/wp-content\/uploads\/2017\/04\/orsez-300x44.png 300w\" sizes=\"(max-width: 424px) 100vw, 424px\" data-id=\"5919\" \/><\/a><\/div><div class=\"col-lg-20percent col-sm-4 col-md-4 col-xs-12 tm-box\"><a href=\"\/referanslar\/\" target=\"_blank\" class=\"hint--top\" data-hint=\"Ayt\u00fcrk Tekstil\" ><img width=\"344\" height=\"100\" src=\"https:\/\/nadiraluminyum.com\/wp-content\/uploads\/2017\/04\/ayturktekstil.png\" class=\"attachment-full size-full wp-post-image\" alt=\"\" loading=\"lazy\" srcset=\"https:\/\/nadiraluminyum.com\/wp-content\/uploads\/2017\/04\/ayturktekstil.png 344w, https:\/\/nadiraluminyum.com\/wp-content\/uploads\/2017\/04\/ayturktekstil-300x87.png 300w\" sizes=\"(max-width: 344px) 100vw, 344px\" data-id=\"5916\" \/><\/a><\/div><div class=\"col-lg-20percent col-sm-4 col-md-4 col-xs-12 tm-box\"><a href=\"\/referanslar\/\" target=\"_blank\" class=\"hint--top\" data-hint=\"Pano Tekstil\" ><img width=\"274\" height=\"65\" src=\"https:\/\/nadiraluminyum.com\/wp-content\/uploads\/2017\/04\/panoteks.png\" class=\"attachment-full size-full wp-post-image\" alt=\"\" loading=\"lazy\" data-id=\"5913\" \/><\/a><\/div><div class=\"col-lg-20percent col-sm-4 col-md-4 col-xs-12 tm-box\"><a href=\"\/referanslar\/\" target=\"_blank\" class=\"hint--top\" data-hint=\"Profisan A.\u015e.\" ><img width=\"200\" height=\"35\" src=\"https:\/\/nadiraluminyum.com\/wp-content\/uploads\/2017\/04\/Profisan.jpg\" class=\"attachment-full size-full wp-post-image\" alt=\"\" loading=\"lazy\" data-id=\"5910\" \/><\/a><\/div><div class=\"col-lg-20percent col-sm-4 col-md-4 col-xs-12 tm-box\"><a href=\"\/referanslar\/\" target=\"_blank\" class=\"hint--top\" data-hint=\"Hicri Ercili Ltd. \u015eti.\" ><img width=\"306\" height=\"82\" src=\"https:\/\/nadiraluminyum.com\/wp-content\/uploads\/2017\/04\/hicriercili.png\" class=\"attachment-full size-full wp-post-image\" alt=\"\" loading=\"lazy\" srcset=\"https:\/\/nadiraluminyum.com\/wp-content\/uploads\/2017\/04\/hicriercili.png 306w, https:\/\/nadiraluminyum.com\/wp-content\/uploads\/2017\/04\/hicriercili-300x80.png 300w\" sizes=\"(max-width: 306px) 100vw, 306px\" data-id=\"5905\" \/><\/a><\/div>\n\t<\/div><\/div>[\/vc_column][\/vc_row]<\/p>\n","protected":false},"excerpt":{"rendered":"<p>[vc_row][vc_column][vc_text_separator title=&#8221;Our Services&#8221; i_icon_fontawesome=&#8221;fa fa-question-circle-o&#8221; i_color=&#8221;sky&#8221; i_background_style=&#8221;rounded-less-outline&#8221; i_background_color=&#8221;white&#8221; i_size=&#8221;xs&#8221; title_align=&#8221;separator_align_left&#8221; align=&#8221;align_left&#8221; color=&#8221;sky&#8221; css_animation=&#8221;fadeInRight&#8221; add_icon=&#8221;true&#8221; el_class=&#8221;h3&#8243;][vc_tta_accordion spacing=&#8221;5&#8243; gap=&#8221;5&#8243; active_section=&#8221;1&#8243; css_animation=&#8221;fadeInLeft&#8221;][vc_tta_section title=&#8221;WALL COVERINGS&#8221; tab_id=&#8221;1491553089950-04121f9a-4c7d&#8221;][vc_row_inner][vc_column_inner width=&#8221;1\/2&#8243; css=&#8221;.vc_custom_1491552888098{margin-top: 0px !important;border-top-width: 0px !important;padding-top: 0px !important;}&#8221;][vc_column_text css_animation=&#8221;fadeIn&#8221;] Structural Silicone Facade Aluminum Curtain Wall Transparent Facade Al\u00fcminyum Kompozit Panel Kapl\u0131 Cepheler Coated Front and Solar Breakers Clinker Bricks [\/vc_column_text][\/vc_column_inner][vc_column_inner width=&#8221;1\/2&#8243;][vc_media_grid element_width=&#8221;3&#8243; gap=&#8221;3&#8243; [&hellip;]<\/p>\n","protected":false},"author":1,"featured_media":0,"parent":0,"menu_order":27,"comment_status":"closed","ping_status":"closed","template":"","meta":[],"_links":{"self":[{"href":"https:\/\/nadiraluminyum.com\/en\/wp-json\/wp\/v2\/pages\/5835"}],"collection":[{"href":"https:\/\/nadiraluminyum.com\/en\/wp-json\/wp\/v2\/pages"}],"about":[{"href":"https:\/\/nadiraluminyum.com\/en\/wp-json\/wp\/v2\/types\/page"}],"author":[{"embeddable":true,"href":"https:\/\/nadiraluminyum.com\/en\/wp-json\/wp\/v2\/users\/1"}],"replies":[{"embeddable":true,"href":"https:\/\/nadiraluminyum.com\/en\/wp-json\/wp\/v2\/comments?post=5835"}],"version-history":[{"count":38,"href":"https:\/\/nadiraluminyum.com\/en\/wp-json\/wp\/v2\/pages\/5835\/revisions"}],"predecessor-version":[{"id":7299,"href":"https:\/\/nadiraluminyum.com\/en\/wp-json\/wp\/v2\/pages\/5835\/revisions\/7299"}],"wp:attachment":[{"href":"https:\/\/nadiraluminyum.com\/en\/wp-json\/wp\/v2\/media?parent=5835"}],"curies":[{"name":"wp","href":"https:\/\/api.w.org\/{rel}","templated":true}]}}